{"id":43,"date":"2023-08-13T21:10:31","date_gmt":"2023-08-14T01:10:31","guid":{"rendered":"https:\/\/mallasdeproteccion.cl\/?page_id=43"},"modified":"2023-08-21T18:58:47","modified_gmt":"2023-08-21T22:58:47","slug":"inicio","status":"publish","type":"page","link":"https:\/\/mallasdeproteccion.cl\/","title":{"rendered":"Inicio"},"content":{"rendered":"<p>[et_pb_section fb_built=\u00bb1&#8243; custom_padding_last_edited=\u00bboff|desktop\u00bb admin_label=\u00bbHeader\u00bb _builder_version=\u00bb4.19.2&#8243; _module_preset=\u00bbdefault\u00bb background_color=\u00bbgcid-3a379ca8-6bf9-434c-8a61-08511851f29f\u00bb background_enable_pattern_style=\u00bbon\u00bb background_pattern_style=\u00bbpills\u00bb background_pattern_repeat_origin=\u00bbcenter\u00bb overflow-x=\u00bbhidden\u00bb overflow-y=\u00bbhidden\u00bb custom_margin=\u00bb||||false|false\u00bb custom_margin_tablet=\u00bb||0vw||false|false\u00bb custom_margin_phone=\u00bb||0vw||false|false\u00bb custom_margin_last_edited=\u00bboff|desktop\u00bb custom_padding=\u00bb0px||0px||false|false\u00bb custom_padding_tablet=\u00bb||0px||false|false\u00bb custom_padding_phone=\u00bb||0px||false|false\u00bb collapsed=\u00bbon\u00bb global_colors_info=\u00bb{%22gcid-3a379ca8-6bf9-434c-8a61-08511851f29f%22:%91%22background_color%22%93}\u00bb vertical_offset_last_edited=\u00bbon|phone\u00bb][et_pb_row column_structure=\u00bb1_2,1_2&#8243; make_equal=\u00bbon\u00bb _builder_version=\u00bb4.19.2&#8243; _module_preset=\u00bbdefault\u00bb custom_padding=\u00bb0px||0px||true|false\u00bb box_shadow_style=\u00bbpreset4&#8243; box_shadow_horizontal=\u00bb30vw\u00bb box_shadow_vertical=\u00bb0px\u00bb box_shadow_color=\u00bb#FFFFFF\u00bb global_colors_info=\u00bb{}\u00bb][et_pb_column type=\u00bb1_2&#8243; _builder_version=\u00bb4.19.2&#8243; _module_preset=\u00bbdefault\u00bb custom_padding=\u00bb8%|20px|8%||true|false\u00bb global_colors_info=\u00bb{}\u00bb][et_pb_text _builder_version=\u00bb4.19.2&#8243; _module_preset=\u00bb6d6d2265-06f6-4e76-a135-6bb5bf43079e\u00bb header_text_color=\u00bb#FFFFFF\u00bb global_colors_info=\u00bb{}\u00bb]<\/p>\n<h1>Mallas de Seguridad<\/h1>\n<p>[\/et_pb_text][et_pb_text _builder_version=\u00bb4.22.1&#8243; _module_preset=\u00bb44ac10bb-8bc9-4dfa-b2bd-1dcb271aca08&#8243; text_text_color=\u00bb#FFFFFF\u00bb custom_margin=\u00bb||30px||false|false\u00bb global_colors_info=\u00bb{}\u00bb]<\/p>\n<p style=\"text-align: justify;\"><span>Mallas especiales de multifilamento, dise\u00f1adas exclusivamente para protecci\u00f3n. Gran resistencia y una duraci\u00f3n garantizada de 6 a\u00f1os. Nuestras m<\/span><span>allas est\u00e1n fabricadas para contener ca\u00eddas. Proteja sus ventanas, terrazas, balcones y otros espacios con la mejor malla del mercado. Seguridad real para toda la familia, incluidas sus mascotas. Haga todas sus consultas para que tome una decisi\u00f3n informada, nuestras mallas de multifilamento textil son la soluci\u00f3n definitiva para la seguridad en alturas.<\/span><\/p>\n<p>[\/et_pb_text][\/et_pb_column][et_pb_column type=\u00bb1_2&#8243; _builder_version=\u00bb4.19.2&#8243; _module_preset=\u00bbdefault\u00bb background_color=\u00bb#FFFFFF\u00bb background_enable_image=\u00bboff\u00bb background_position=\u00bbbottom_center\u00bb custom_padding=\u00bb||6vw||false|false\u00bb global_colors_info=\u00bb{}\u00bb][et_pb_image src=\u00bbhttp:\/\/mallasdeproteccion.cl\/wp-content\/uploads\/2023\/08\/Instalacion-mallas-proteccion-en-balcon.jpg\u00bb alt=\u00bbInstalaci\u00f3n mallas protecci\u00f3n en balc\u00f3n\u00bb title_text=\u00bbInstalacion mallas proteccion en balcon\u00bb _builder_version=\u00bb4.22.1&#8243; _module_preset=\u00bbdefault\u00bb custom_margin=\u00bb|-18vw|||false|false\u00bb global_colors_info=\u00bb{}\u00bb][\/et_pb_image][\/et_pb_column][\/et_pb_row][et_pb_row _builder_version=\u00bb4.19.2&#8243; _module_preset=\u00bbdefault\u00bb background_color=\u00bbgcid-ba664267-6f92-4ac5-a88f-855d6fa318fd\u00bb max_width=\u00bb800px\u00bb custom_margin=\u00bb||||false|false\u00bb custom_margin_tablet=\u00bb||0vw||false|false\u00bb custom_margin_phone=\u00bb||0vw||false|false\u00bb custom_margin_last_edited=\u00bboff|desktop\u00bb custom_padding=\u00bb60px|60px|60px|60px|true|true\u00bb box_shadow_style=\u00bbpreset4&#8243; box_shadow_horizontal=\u00bb30vw\u00bb box_shadow_vertical=\u00bb0px\u00bb box_shadow_color=\u00bb#FFFFFF\u00bb global_colors_info=\u00bb{%22gcid-ba664267-6f92-4ac5-a88f-855d6fa318fd%22:%91%22background_color%22%93}\u00bb][et_pb_column type=\u00bb4_4&#8243; _builder_version=\u00bb4.19.0&#8243; _module_preset=\u00bbdefault\u00bb global_colors_info=\u00bb{}\u00bb][et_pb_text _builder_version=\u00bb4.19.2&#8243; _module_preset=\u00bbfe6e4713-7f1c-4c70-98b2-6bc18a4404f1&#8243; header_3_text_color=\u00bb#FFFFFF\u00bb text_orientation=\u00bbcenter\u00bb global_colors_info=\u00bb{}\u00bb]<\/p>\n<h3>Atentos a todas tus consultas<\/h3>\n<p>[\/et_pb_text][et_pb_text _builder_version=\u00bb4.19.2&#8243; _module_preset=\u00bb393cc9f3-7a1a-4118-a6ef-bf92670be161&#8243; header_2_text_color=\u00bb#FFE35B\u00bb text_orientation=\u00bbcenter\u00bb locked=\u00bboff\u00bb global_colors_info=\u00bb{}\u00bb]<\/p>\n<h2><span style=\"color: #ffffff;\"><a href=\"https:\/\/wa.me\/+56921215199\/?text=Hola!\" style=\"color: #ffffff;\" target=\"_blank\" rel=\"noopener\">+569 21215199<\/a><\/span><\/h2>\n<p>[\/et_pb_text][\/et_pb_column][\/et_pb_row][\/et_pb_section][et_pb_section fb_built=\u00bb1&#8243; admin_label=\u00bbServices\u00bb _builder_version=\u00bb4.19.2&#8243; _module_preset=\u00bbdefault\u00bb saved_tabs=\u00bball\u00bb collapsed=\u00bbon\u00bb global_colors_info=\u00bb{}\u00bb vertical_offset_last_edited=\u00bbon|phone\u00bb][et_pb_row _builder_version=\u00bb4.19.2&#8243; _module_preset=\u00bbdefault\u00bb global_colors_info=\u00bb{}\u00bb][et_pb_column type=\u00bb4_4&#8243; _builder_version=\u00bb4.19.2&#8243; _module_preset=\u00bbdefault\u00bb global_colors_info=\u00bb{}\u00bb][et_pb_text _builder_version=\u00bb4.19.2&#8243; _module_preset=\u00bb393cc9f3-7a1a-4118-a6ef-bf92670be161&#8243; global_colors_info=\u00bb{}\u00bb]<\/p>\n<h2>\u00bfPor que nuestra malla de protecci\u00f3n?<\/h2>\n<p>[\/et_pb_text][\/et_pb_column][\/et_pb_row][et_pb_row column_structure=\u00bb1_2,1_2&#8243; custom_padding_last_edited=\u00bbon|tablet\u00bb _builder_version=\u00bb4.19.0&#8243; _module_preset=\u00bbdefault\u00bb custom_padding_tablet=\u00bb||0px||false|false\u00bb custom_padding_phone=\u00bb\u00bb global_colors_info=\u00bb{}\u00bb][et_pb_column type=\u00bb1_2&#8243; _builder_version=\u00bb4.19.0&#8243; _module_preset=\u00bbdefault\u00bb global_colors_info=\u00bb{}\u00bb][et_pb_blurb title=\u00bbResistencia metro cuadrado\u00bb image=\u00bbhttp:\/\/mallasdeproteccion.cl\/wp-content\/uploads\/2023\/08\/6-62221_blue-check-marks-tick-blue-hd-png-download.png\u00bb alt=\u00bbCheck para sitio mallas de protecci\u00f3n\u00bb _builder_version=\u00bb4.22.1&#8243; _module_preset=\u00bbac15ea14-1e19-4ad0-ae53-0b8b3b7965e4&#8243; locked=\u00bboff\u00bb global_colors_info=\u00bb{}\u00bb]<\/p>\n<p>Nuestra malla de seguridad resiste 249 kilos por metro cuadrado.<\/p>\n<p>[\/et_pb_blurb][\/et_pb_column][et_pb_column type=\u00bb1_2&#8243; _builder_version=\u00bb4.19.0&#8243; _module_preset=\u00bbdefault\u00bb global_colors_info=\u00bb{}\u00bb][et_pb_blurb title=\u00bbResistencia a tracci\u00f3n\u00bb image=\u00bbhttp:\/\/mallasdeproteccion.cl\/wp-content\/uploads\/2023\/08\/6-62221_blue-check-marks-tick-blue-hd-png-download.png\u00bb alt=\u00bbCheck para sitio mallas de protecci\u00f3n\u00bb _builder_version=\u00bb4.22.1&#8243; _module_preset=\u00bbac15ea14-1e19-4ad0-ae53-0b8b3b7965e4&#8243; locked=\u00bboff\u00bb global_colors_info=\u00bb{}\u00bb]<\/p>\n<p>Para cortar un cuadro de la malla es necesario aplicar una fuerza de 49 kilos.<\/p>\n<p>[\/et_pb_blurb][\/et_pb_column][\/et_pb_row][et_pb_row column_structure=\u00bb1_2,1_2&#8243; custom_padding_last_edited=\u00bbon|tablet\u00bb _builder_version=\u00bb4.19.0&#8243; _module_preset=\u00bbdefault\u00bb custom_padding_tablet=\u00bb||0px||false|false\u00bb custom_padding_phone=\u00bb\u00bb global_colors_info=\u00bb{}\u00bb][et_pb_column type=\u00bb1_2&#8243; _builder_version=\u00bb4.19.0&#8243; _module_preset=\u00bbdefault\u00bb global_colors_info=\u00bb{}\u00bb][et_pb_blurb title=\u00bbVida \u00fatil\u00bb image=\u00bbhttp:\/\/mallasdeproteccion.cl\/wp-content\/uploads\/2023\/08\/6-62221_blue-check-marks-tick-blue-hd-png-download.png\u00bb alt=\u00bbCheck para sitio mallas de protecci\u00f3n\u00bb _builder_version=\u00bb4.22.1&#8243; _module_preset=\u00bbac15ea14-1e19-4ad0-ae53-0b8b3b7965e4&#8243; locked=\u00bboff\u00bb global_colors_info=\u00bb{}\u00bb]<\/p>\n<p>Nuestro proveedor indica una vida \u00fatil de 6 a\u00f1os, tiempo por el cual tiene garant\u00eda.<\/p>\n<p>[\/et_pb_blurb][\/et_pb_column][et_pb_column type=\u00bb1_2&#8243; _builder_version=\u00bb4.19.0&#8243; _module_preset=\u00bbdefault\u00bb global_colors_info=\u00bb{}\u00bb][et_pb_blurb title=\u00bbExperiencia\u00bb image=\u00bbhttp:\/\/mallasdeproteccion.cl\/wp-content\/uploads\/2023\/08\/6-62221_blue-check-marks-tick-blue-hd-png-download.png\u00bb alt=\u00bbCheck para sitio mallas de protecci\u00f3n\u00bb _builder_version=\u00bb4.22.1&#8243; _module_preset=\u00bbac15ea14-1e19-4ad0-ae53-0b8b3b7965e4&#8243; locked=\u00bboff\u00bb global_colors_info=\u00bb{}\u00bb]<\/p>\n<p>Trabajando desde 2011, m\u00e1s de 10 a\u00f1os de experiencia demostrable a su servicio.<\/p>\n<p>[\/et_pb_blurb][\/et_pb_column][\/et_pb_row][\/et_pb_section][et_pb_section fb_built=\u00bb1&#8243; admin_label=\u00bbAbout\u00bb _builder_version=\u00bb4.19.0&#8243; _module_preset=\u00bbdefault\u00bb hover_enabled=\u00bb0&#8243; collapsed=\u00bboff\u00bb global_colors_info=\u00bb{}\u00bb sticky_enabled=\u00bb0&#8243; vertical_offset_last_edited=\u00bbon|phone\u00bb][et_pb_row column_structure=\u00bb1_3,2_3&#8243; use_custom_gutter=\u00bbon\u00bb gutter_width=\u00bb2&#8243; _builder_version=\u00bb4.19.0&#8243; _module_preset=\u00bbdefault\u00bb width=\u00bb100%\u00bb max_width=\u00bbnone\u00bb custom_margin=\u00bb-50px|auto||auto||\u00bb global_colors_info=\u00bb{}\u00bb][et_pb_column type=\u00bb1_3&#8243; _builder_version=\u00bb4.19.0&#8243; _module_preset=\u00bbdefault\u00bb global_colors_info=\u00bb{}\u00bb][et_pb_image src=\u00bbhttp:\/\/mallasdeproteccion.cl\/wp-content\/uploads\/2023\/08\/Instalando-mallas-seguridad-con-proteccion-anticaidas.jpg\u00bb alt=\u00bbInstalando mallas seguridad con protecci\u00f3n antica\u00eddas\u00bb title_text=\u00bbInstalando mallas seguridad con proteccion anticaidas\u00bb _builder_version=\u00bb4.22.1&#8243; _module_preset=\u00bbdefault\u00bb max_width_tablet=\u00bb700px\u00bb max_width_phone=\u00bb700px\u00bb max_width_last_edited=\u00bbon|tablet\u00bb module_alignment=\u00bbleft\u00bb hover_enabled=\u00bb0&#8243; module_alignment_tablet=\u00bbcenter\u00bb module_alignment_phone=\u00bbcenter\u00bb module_alignment_last_edited=\u00bbon|tablet\u00bb global_colors_info=\u00bb{}\u00bb sticky_enabled=\u00bb0&#8243;][\/et_pb_image][\/et_pb_column][et_pb_column type=\u00bb2_3&#8243; _builder_version=\u00bb4.19.0&#8243; _module_preset=\u00bbdefault\u00bb global_colors_info=\u00bb{}\u00bb][et_pb_image src=\u00bbhttp:\/\/mallasdeproteccion.cl\/wp-content\/uploads\/2023\/08\/Instalacion-mallas-seguridad-balcon.jpg\u00bb alt=\u00bbInstalaci\u00f3n mallas seguridad en balc\u00f3n\u00bb title_text=\u00bbInstalacion mallas seguridad balcon\u00bb _builder_version=\u00bb4.22.1&#8243; _module_preset=\u00bbdefault\u00bb max_width_tablet=\u00bb700px\u00bb max_width_phone=\u00bb700px\u00bb max_width_last_edited=\u00bbon|tablet\u00bb module_alignment_tablet=\u00bbcenter\u00bb module_alignment_phone=\u00bbcenter\u00bb module_alignment_last_edited=\u00bbon|tablet\u00bb global_colors_info=\u00bb{}\u00bb][\/et_pb_image][\/et_pb_column][\/et_pb_row][\/et_pb_section][et_pb_section fb_built=\u00bb1&#8243; admin_label=\u00bbCall to Action\u00bb _builder_version=\u00bb4.19.0&#8243; _module_preset=\u00bbdefault\u00bb hover_enabled=\u00bb0&#8243; collapsed=\u00bboff\u00bb global_colors_info=\u00bb{}\u00bb sticky_enabled=\u00bb0&#8243; custom_padding=\u00bb||0px|||\u00bb vertical_offset_last_edited=\u00bbon|phone\u00bb][et_pb_row column_structure=\u00bb1_2,1_2&#8243; use_custom_gutter=\u00bbon\u00bb gutter_width=\u00bb1&#8243; make_equal=\u00bbon\u00bb _builder_version=\u00bb4.19.2&#8243; _module_preset=\u00bbdefault\u00bb custom_margin=\u00bb-100px|auto||auto|false|false\u00bb custom_margin_tablet=\u00bb||||false|false\u00bb custom_margin_phone=\u00bb||||false|false\u00bb custom_margin_last_edited=\u00bboff|desktop\u00bb hover_enabled=\u00bb0&#8243; global_colors_info=\u00bb{}\u00bb sticky_enabled=\u00bb0&#8243;][et_pb_column type=\u00bb1_2&#8243; _builder_version=\u00bb4.19.2&#8243; _module_preset=\u00bbdefault\u00bb z_index=\u00bb10&#8243; custom_padding=\u00bb8%||8%||true|false\u00bb custom_padding_tablet=\u00bb|8%|8%|8%|false|true\u00bb custom_padding_phone=\u00bb|8%|8%|8%|false|true\u00bb custom_padding_last_edited=\u00bboff|desktop\u00bb global_colors_info=\u00bb{}\u00bb][et_pb_text _builder_version=\u00bb4.19.2&#8243; _module_preset=\u00bba1d060bb-5275-4807-aaf7-ec4b50dbba22&#8243; header_2_text_color=\u00bbgcid-ba664267-6f92-4ac5-a88f-855d6fa318fd\u00bb header_2_font_size=\u00bb120px\u00bb custom_margin=\u00bb|-65%|30px||false|false\u00bb custom_margin_tablet=\u00bb|0%|||false|false\u00bb custom_margin_phone=\u00bb|0%|||false|false\u00bb custom_margin_last_edited=\u00bbon|desktop\u00bb hover_enabled=\u00bb0&#8243; global_colors_info=\u00bb{%22gcid-ba664267-6f92-4ac5-a88f-855d6fa318fd%22:%91%22header_2_text_color%22%93}\u00bb sticky_enabled=\u00bb0&#8243;]<\/p>\n<h2>Siempre<\/h2>\n<h2>Una<\/h2>\n<h2>Soluci\u00f3n<\/h2>\n<p>[\/et_pb_text][et_pb_text _builder_version=\u00bb4.22.1&#8243; _module_preset=\u00bb44ac10bb-8bc9-4dfa-b2bd-1dcb271aca08&#8243; max_width=\u00bb320px\u00bb custom_margin=\u00bb||30px||false|false\u00bb hover_enabled=\u00bb0&#8243; global_colors_info=\u00bb{}\u00bb background_last_edited=\u00bbon|tablet\u00bb background_color_tablet=\u00bb#FFFFFF\u00bb background_enable_color_tablet=\u00bbon\u00bb sticky_enabled=\u00bb0&#8243;]<\/p>\n<p style=\"text-align: justify;\">Todos estos a\u00f1os de trabajo instalando mallas de protecci\u00f3n nos han entregado una gran experiencia para saber exactamente qu\u00e9 hacer ante cualquier espacio que requiera proteger.<\/p>\n<p>[\/et_pb_text][\/et_pb_column][et_pb_column type=\u00bb1_2&#8243; _builder_version=\u00bb4.19.2&#8243; _module_preset=\u00bbdefault\u00bb global_colors_info=\u00bb{}\u00bb][et_pb_image src=\u00bbhttp:\/\/mallasdeproteccion.cl\/wp-content\/uploads\/2023\/08\/Fachada-malla-instalada-en-casa.jpg\u00bb alt=\u00bbFachada malla seguridad instalada en casa\u00bb title_text=\u00bbFachada malla instalada en casa\u00bb _builder_version=\u00bb4.22.1&#8243; _module_preset=\u00bbdefault\u00bb positioning=\u00bbabsolute\u00bb custom_margin=\u00bb|-10vw|||false|false\u00bb hover_enabled=\u00bb0&#8243; locked=\u00bboff\u00bb global_colors_info=\u00bb{}\u00bb disabled_on=\u00bboff|on|off\u00bb sticky_enabled=\u00bb0&#8243;][\/et_pb_image][\/et_pb_column][\/et_pb_row][et_pb_row column_structure=\u00bb1_4,1_4,1_2&#8243; use_custom_gutter=\u00bbon\u00bb gutter_width=\u00bb1&#8243; _builder_version=\u00bb4.22.1&#8243; _module_preset=\u00bbdefault\u00bb position_origin_a_tablet=\u00bb\u00bb position_origin_a_phone=\u00bb\u00bb position_origin_a_last_edited=\u00bbon|phone\u00bb position_origin_f_tablet=\u00bb\u00bb position_origin_f_phone=\u00bb\u00bb position_origin_f_last_edited=\u00bbon|phone\u00bb position_origin_r_tablet=\u00bb\u00bb position_origin_r_phone=\u00bb\u00bb position_origin_r_last_edited=\u00bbon|phone\u00bb max_width=\u00bb1800px\u00bb custom_margin=\u00bb-82px|auto||auto||\u00bb hover_enabled=\u00bb0&#8243; positioning_tablet=\u00bb\u00bb positioning_phone=\u00bb\u00bb positioning_last_edited=\u00bbon|phone\u00bb locked=\u00bboff\u00bb global_colors_info=\u00bb{}\u00bb position_origin_r__hover_enabled=\u00bbon|desktop\u00bb positioning__hover_enabled=\u00bbon|desktop\u00bb position_origin_f__hover_enabled=\u00bbon|desktop\u00bb position_origin_a__hover_enabled=\u00bbon|desktop\u00bb vertical_offset_last_edited=\u00bbon|phone\u00bb vertical_offset_phone=\u00bb0px\u00bb sticky_enabled=\u00bb0&#8243;][et_pb_column type=\u00bb1_4&#8243; _builder_version=\u00bb4.19.2&#8243; _module_preset=\u00bbdefault\u00bb background_color=\u00bbgcid-ba664267-6f92-4ac5-a88f-855d6fa318fd\u00bb custom_padding=\u00bb80px|60px|80px|60px|true|true\u00bb global_colors_info=\u00bb{%22gcid-ba664267-6f92-4ac5-a88f-855d6fa318fd%22:%91%22background_color%22%93}\u00bb][et_pb_text _builder_version=\u00bb4.22.1&#8243; _module_preset=\u00bb44ac10bb-8bc9-4dfa-b2bd-1dcb271aca08&#8243; text_text_color=\u00bb#FFFFFF\u00bb locked=\u00bboff\u00bb global_colors_info=\u00bb{}\u00bb]<\/p>\n<p style=\"text-align: justify;\">Total compromiso y seriedad, el trabajo se realiza el d\u00eda pactado, y se revisa junto con nuestros clientes para aclarar todas las dudas que puedan existir.<\/p>\n<p>[\/et_pb_text][\/et_pb_column][et_pb_column type=\u00bb1_4&#8243; _builder_version=\u00bb4.19.2&#8243; _module_preset=\u00bbdefault\u00bb global_colors_info=\u00bb{}\u00bb][et_pb_image src=\u00bbhttp:\/\/mallasdeproteccion.cl\/wp-content\/uploads\/2023\/08\/Instalacion-malla-seguridad-balcon.jpg\u00bb alt=\u00bbInstalaci\u00f3n malla seguridad balc\u00f3n\u00bb title_text=\u00bbInstalacion malla seguridad balcon\u00bb _builder_version=\u00bb4.22.1&#8243; _module_preset=\u00bbdefault\u00bb custom_margin=\u00bb30%||||false|false\u00bb hover_enabled=\u00bb0&#8243; locked=\u00bboff\u00bb global_colors_info=\u00bb{}\u00bb sticky_enabled=\u00bb0&#8243;][\/et_pb_image][\/et_pb_column][et_pb_column type=\u00bb1_2&#8243; _builder_version=\u00bb4.19.2&#8243; _module_preset=\u00bbdefault\u00bb global_colors_info=\u00bb{}\u00bb][\/et_pb_column][\/et_pb_row][\/et_pb_section][et_pb_section fb_built=\u00bb1&#8243; admin_label=\u00bbFAQ &#038; Testimonials\u00bb _builder_version=\u00bb4.19.0&#8243; _module_preset=\u00bbdefault\u00bb hover_enabled=\u00bb0&#8243; collapsed=\u00bbon\u00bb global_colors_info=\u00bb{}\u00bb sticky_enabled=\u00bb0&#8243; custom_padding=\u00bb||0px|||\u00bb vertical_offset_last_edited=\u00bbon|phone\u00bb][et_pb_row column_structure=\u00bb1_2,1_2&#8243; _builder_version=\u00bb4.19.0&#8243; _module_preset=\u00bbdefault\u00bb hover_enabled=\u00bb0&#8243; locked=\u00bboff\u00bb global_colors_info=\u00bb{}\u00bb sticky_enabled=\u00bb0&#8243;][et_pb_column type=\u00bb1_2&#8243; _builder_version=\u00bb4.19.0&#8243; _module_preset=\u00bbdefault\u00bb custom_padding=\u00bb10%||||false|false\u00bb custom_padding_tablet=\u00bb0%||||false|false\u00bb custom_padding_phone=\u00bb0%||||false|false\u00bb custom_padding_last_edited=\u00bbon|desktop\u00bb global_colors_info=\u00bb{}\u00bb][et_pb_text _builder_version=\u00bb4.19.0&#8243; _module_preset=\u00bb393cc9f3-7a1a-4118-a6ef-bf92670be161&#8243; custom_margin=\u00bb-64px|||||\u00bb global_colors_info=\u00bb{}\u00bb]<\/p>\n<h2>Cont\u00e1ctanos<\/h2>\n<p>[\/et_pb_text][et_pb_blurb title=\u00bbWhatsApp\u00bb url=\u00bbhttps:\/\/wa.me\/+56921215199\/?text=Hola!\u00bb url_new_window=\u00bbon\u00bb image=\u00bbhttp:\/\/mallasdeproteccion.cl\/wp-content\/uploads\/2023\/08\/icons8-whatsapp-64.png\u00bb alt=\u00bbLogo whatsapp\u00bb _builder_version=\u00bb4.22.1&#8243; _module_preset=\u00bbac15ea14-1e19-4ad0-ae53-0b8b3b7965e4&#8243; hover_enabled=\u00bb0&#8243; locked=\u00bboff\u00bb global_colors_info=\u00bb{}\u00bb sticky_enabled=\u00bb0&#8243;]<\/p>\n<p><a href=\"https:\/\/wa.me\/+56921215199\/?text=Hola!\" target=\"_blank\" rel=\"noopener\">+569 21215199<\/a><\/p>\n<p>[\/et_pb_blurb][et_pb_blurb title=\u00bbCorreo\u00bb url=\u00bbmailto:hola@mallasdeproteccion.cl\u00bb url_new_window=\u00bbon\u00bb image=\u00bbhttp:\/\/mallasdeproteccion.cl\/wp-content\/uploads\/2023\/08\/icons8-email-64.png\u00bb alt=\u00bbLogo correo\u00bb _builder_version=\u00bb4.22.1&#8243; _module_preset=\u00bbac15ea14-1e19-4ad0-ae53-0b8b3b7965e4&#8243; locked=\u00bboff\u00bb global_colors_info=\u00bb{}\u00bb]<\/p>\n<p><a href=\"mailto:hola@mallasdeproteccion.cl\">hola@mallasdeproteccion.cl<\/a><\/p>\n<p>[\/et_pb_blurb][et_pb_blurb title=\u00bbInstagram\u00bb url_new_window=\u00bbon\u00bb image=\u00bbhttp:\/\/mallasdeproteccion.cl\/wp-content\/uploads\/2023\/08\/icons8-instagram-64.png\u00bb alt=\u00bbLogo instagram\u00bb _builder_version=\u00bb4.22.1&#8243; _module_preset=\u00bbac15ea14-1e19-4ad0-ae53-0b8b3b7965e4&#8243; link_option_url=\u00bbhttps:\/\/www.instagram.com\/mallasproteccionchile\u00bb locked=\u00bboff\u00bb global_colors_info=\u00bb{}\u00bb]<\/p>\n<p><a href=\"https:\/\/www.instagram.com\/mallasproteccionchile\" target=\"_blank\" rel=\"noopener\">mallasproteccionchile<\/a><\/p>\n<p>[\/et_pb_blurb][et_pb_blurb title=\u00bbFacebook\u00bb url=\u00bbhttps:\/\/www.facebook.com\/mallasdeproteccionchile\u00bb url_new_window=\u00bbon\u00bb image=\u00bbhttp:\/\/mallasdeproteccion.cl\/wp-content\/uploads\/2023\/08\/icons8-facebook-64-2.png\u00bb alt=\u00bbFacebook logo\u00bb _builder_version=\u00bb4.22.1&#8243; _module_preset=\u00bbac15ea14-1e19-4ad0-ae53-0b8b3b7965e4&#8243; locked=\u00bboff\u00bb global_colors_info=\u00bb{}\u00bb]<\/p>\n<p><a href=\"https:\/\/www.facebook.com\/mallasdeproteccionchile\" target=\"_blank\" rel=\"noopener\">mallasdeproteccionchile<\/a><\/p>\n<p>[\/et_pb_blurb][\/et_pb_column][et_pb_column type=\u00bb1_2&#8243; _builder_version=\u00bb4.19.0&#8243; _module_preset=\u00bbdefault\u00bb custom_padding=\u00bb40px|40px|40px|40px|true|true\u00bb custom_padding_tablet=\u00bb30px|30px|30px|30px|true|true\u00bb custom_padding_phone=\u00bb20px|20px|20px|20px|true|true\u00bb custom_padding_last_edited=\u00bbon|tablet\u00bb border_width_all=\u00bb1px\u00bb border_color_all=\u00bb#E6E6E6&#8243; global_colors_info=\u00bb{}\u00bb][et_pb_text _builder_version=\u00bb4.19.0&#8243; _module_preset=\u00bb393cc9f3-7a1a-4118-a6ef-bf92670be161&#8243; global_colors_info=\u00bb{}\u00bb]<\/p>\n<h2>Preguntas Frecuentes<\/h2>\n<p>[\/et_pb_text][et_pb_accordion toggle_icon=\u00bb&#x43;||divi||400&#8243; _builder_version=\u00bb4.22.1&#8243; _module_preset=\u00bb63c13994-617a-4c90-9dd5-a4ad77eb37e3&#8243; global_colors_info=\u00bb{%22gcid-c61d595c-65d1-455d-b447-e1edcceee1e9%22:%91%22toggle_text_color%22,%22toggle_text_color%22,%22toggle_text_color%22,%22toggle_text_color%22,%22toggle_text_color%22,%22toggle_text_color%22%93}\u00bb][et_pb_accordion_item title=\u00bb\u00bfCu\u00e1l es la resistencia de la malla?\u00bb open=\u00bbon\u00bb _builder_version=\u00bb4.19.2&#8243; _module_preset=\u00bbdefault\u00bb custom_padding=\u00bb|0px||0px|false|true\u00bb global_colors_info=\u00bb{}\u00bb]<\/p>\n<p>Nuestra malla soporta 249 kilos por metro cuadrado. Ademas su resistencia a tracci\u00f3n (lo que soporta cada cuadro de manera independiente) es de 49 kilos. Valores que nos permiten saber que nuestro trabajo entrega la seguridad que necesita.<\/p>\n<p>[\/et_pb_accordion_item][et_pb_accordion_item title=\u00bb\u00bfCu\u00e1l es la duraci\u00f3n de la malla?\u00bb _builder_version=\u00bb4.19.2&#8243; _module_preset=\u00bbdefault\u00bb custom_padding=\u00bb|0px||0px|false|true\u00bb global_colors_info=\u00bb{}\u00bb open=\u00bboff\u00bb]<\/p>\n<p>La malla tiene una vida \u00fatil de 6 a\u00f1os. Despu\u00e9s de ese periodo se recomienda el cambio de malla. El aluminio del trabajo se mantiene.<\/p>\n<p>[\/et_pb_accordion_item][et_pb_accordion_item title=\u00bb\u00bfQu\u00e9 cubre la garant\u00eda de las mallas?\u00bb _builder_version=\u00bb4.19.2&#8243; _module_preset=\u00bbdefault\u00bb custom_padding=\u00bb|0px||0px|false|true\u00bb global_colors_info=\u00bb{}\u00bb open=\u00bboff\u00bb]<\/p>\n<p>La garant\u00eda de nuestro trabajo esta orientada a alg\u00fan defecto de la instalaci\u00f3n, un tornillo suelto por ejemplo. Para su tranquilidad esto no pasa ya que cualquier problema se nota enseguida y se repara en el lugar. La malla sabemos que no tendr\u00e1 problema ya que la \u00fanica manera de da\u00f1arla es con objetos con filo o fuego.<\/p>\n<p>[\/et_pb_accordion_item][et_pb_accordion_item title=\u00bb\u00bfSirve para mascotas?\u00bb _builder_version=\u00bb4.19.2&#8243; _module_preset=\u00bbdefault\u00bb custom_padding=\u00bb|0px||0px|false|true\u00bb global_colors_info=\u00bb{}\u00bb open=\u00bboff\u00bb]<\/p>\n<p>Claro que si! Hay que tener cuidado para evitar que la malla sea mordida por gatitos y\/o perritos, ya que esto la puede da\u00f1ar. Pero siguiendo unos sencillos consejos esto se puede evitar f\u00e1cilmente.<\/p>\n<p>[\/et_pb_accordion_item][et_pb_accordion_item title=\u00bb\u00bfInstalan mallas de pl\u00e1stico?\u00bb _builder_version=\u00bb4.19.2&#8243; _module_preset=\u00bbdefault\u00bb custom_padding=\u00bb|0px||0px|false|true\u00bb global_colors_info=\u00bb{}\u00bb open=\u00bboff\u00bb]<\/p>\n<p>No, nunca hemos instalados mallas de pl\u00e1stico (tambi\u00e9n conocidas como mallas invisibles o mallas de monofilamento), y tampoco lo haremos. Sabemos que no est\u00e1n hechas para seguridad, as\u00ed que por ning\u00fan motivo las instalar\u00edamos con ese fin.<\/p>\n<p>[\/et_pb_accordion_item][\/et_pb_accordion][\/et_pb_column][\/et_pb_row][\/et_pb_section]<\/p>\n","protected":false},"excerpt":{"rendered":"<p>Mallas de SeguridadMallas especiales de multifilamento, dise\u00f1adas exclusivamente para protecci\u00f3n. Gran resistencia y una duraci\u00f3n garantizada de 6 a\u00f1os. Nuestras mallas est\u00e1n fabricadas para contener ca\u00eddas. Proteja sus ventanas, terrazas, balcones y otros espacios con la mejor malla del mercado. Seguridad real para toda la familia, incluidas sus mascotas. Haga todas sus consultas para que [&hellip;]<\/p>\n","protected":false},"author":1,"featured_media":0,"parent":0,"menu_order":0,"comment_status":"closed","ping_status":"closed","template":"","meta":{"_et_pb_use_builder":"on","_et_pb_old_content":"<!-- wp:divi\/placeholder \/-->","_et_gb_content_width":"","footnotes":"","_joinchat":[]},"_links":{"self":[{"href":"https:\/\/mallasdeproteccion.cl\/index.php\/wp-json\/wp\/v2\/pages\/43"}],"collection":[{"href":"https:\/\/mallasdeproteccion.cl\/index.php\/wp-json\/wp\/v2\/pages"}],"about":[{"href":"https:\/\/mallasdeproteccion.cl\/index.php\/wp-json\/wp\/v2\/types\/page"}],"author":[{"embeddable":true,"href":"https:\/\/mallasdeproteccion.cl\/index.php\/wp-json\/wp\/v2\/users\/1"}],"replies":[{"embeddable":true,"href":"https:\/\/mallasdeproteccion.cl\/index.php\/wp-json\/wp\/v2\/comments?post=43"}],"version-history":[{"count":160,"href":"https:\/\/mallasdeproteccion.cl\/index.php\/wp-json\/wp\/v2\/pages\/43\/revisions"}],"predecessor-version":[{"id":341,"href":"https:\/\/mallasdeproteccion.cl\/index.php\/wp-json\/wp\/v2\/pages\/43\/revisions\/341"}],"wp:attachment":[{"href":"https:\/\/mallasdeproteccion.cl\/index.php\/wp-json\/wp\/v2\/media?parent=43"}],"curies":[{"name":"wp","href":"https:\/\/api.w.org\/{rel}","templated":true}]}}